{"id":6996,"date":"2021-06-30T06:26:09","date_gmt":"2021-06-30T06:26:09","guid":{"rendered":"https:\/\/voeyedrprod.wpengine.com\/?page_id=6996"},"modified":"2025-03-10T15:22:40","modified_gmt":"2025-03-10T15:22:40","slug":"nuestro-compromiso-tecnologico","status":"publish","type":"page","link":"https:\/\/www.voeyedr.com\/es\/nuestra-historia\/nuestro-compromiso-tecnologico\/","title":{"rendered":"NUESTRO COMPROMISO TECNOL\u00d3GICO"},"content":{"rendered":"<div id='consult' class='avia-section main_color avia-section-small avia-no-border-styling avia-bg-style-scroll  avia-builder-el-0  el_before_av_section  avia-builder-el-first    container_wrap sidebar_right' style='background-color: #00b5c9;  '  ><div class='container' ><main  role=\"main\" itemprop=\"mainContentOfPage\"  class='template-page content  av-content-small alpha units'><div class='post-entry post-entry-type-page post-entry-6996'><div class='entry-content-wrapper clearfix'>\n<div class='flex_column_table av-equal-height-column-flextable -flextable' ><div class=\"flex_column av_four_fifth  no_margin flex_column_table_cell av-equal-height-column av-align-middle av-zero-column-padding first  avia-builder-el-1  el_before_av_one_fifth  avia-builder-el-first  \" style='border-radius:0px; '><section class=\"av_textblock_section \"  itemscope=\"itemscope\" itemtype=\"https:\/\/schema.org\/CreativeWork\" ><div class='avia_textblock  av_inherit_color '  style='font-size:26px; color:#ffffff; '  itemprop=\"text\" ><p><img loading=\"lazy\" decoding=\"async\" class=\"size-full wp-image-1240 alignleft\" src=\"https:\/\/www.voeyedr.com\/wp-content\/uploads\/2018\/02\/consult-icon.png\" alt=\"\" width=\"60\" height=\"60\" srcset=\"https:\/\/www.voeyedr.com\/wp-content\/uploads\/2018\/02\/consult-icon.png 100w, https:\/\/www.voeyedr.com\/wp-content\/uploads\/2018\/02\/consult-icon-80x80.png 80w, https:\/\/www.voeyedr.com\/wp-content\/uploads\/2018\/02\/consult-icon-36x36.png 36w\" sizes=\"auto, (max-width: 60px) 100vw, 60px\" \/>Da el siguiente paso. Solicitar una cita o consulta.<\/p>\n<\/div><\/section><\/div><div class=\"flex_column av_one_fifth  no_margin flex_column_table_cell av-equal-height-column av-align-middle av-zero-column-padding   avia-builder-el-3  el_after_av_four_fifth  avia-builder-el-last  \" style='border-radius:0px; '><div class='avia-button-wrap avia-button-center  avia-builder-el-4  avia-builder-el-no-sibling  '><a href='https:\/\/www.voeyedr.com\/es\/solicitar-una-cita-o-consulta\/'  class='avia-button   avia-icon_select-no avia-color-light avia-size-large avia-position-center '   ><span class='avia_iconbox_title' >Reserve Ahora<\/span><\/a><\/div><\/div><\/div><!--close column table wrapper. Autoclose: 1 -->\n\n<\/div><\/div><\/main><!-- close content main element --><\/div><\/div><div id='av_section_2' class='avia-section main_color avia-section-large avia-no-border-styling avia-bg-style-scroll  avia-builder-el-5  el_after_av_section  el_before_av_section    container_wrap sidebar_right' style=' '  ><div class='container' ><div class='template-page content  av-content-small alpha units'><div class='post-entry post-entry-type-page post-entry-6996'><div class='entry-content-wrapper clearfix'>\n<div class='flex_column_table av-equal-height-column-flextable -flextable' ><div class=\"flex_column av_two_fifth  flex_column_table_cell av-equal-height-column av-align-top av-zero-column-padding first  avia-builder-el-6  el_before_av_three_fifth  avia-builder-el-first   \" style='border-radius:0px; '><p><div style='padding-bottom:20px; color:#00b5c9;font-size:30px;' class='av-special-heading av-special-heading-h1 custom-color-heading blockquote modern-quote  avia-builder-el-7  el_before_av_textblock  avia-builder-el-first   av-inherit-size '><h1 class='av-special-heading-tag '  itemprop=\"headline\"  >NUESTRO COMPROMISO TECNOL\u00d3GICO<\/h1><div class='special-heading-border'><div class='special-heading-inner-border' style='border-color:#00b5c9'><\/div><\/div><\/div><br \/>\n<section class=\"av_textblock_section \"  itemscope=\"itemscope\" itemtype=\"https:\/\/schema.org\/CreativeWork\" ><div class='avia_textblock  '   itemprop=\"text\" ><p>Visionary Eye Doctors es reconocido por estar a la vanguardia de la tecnolog\u00eda. \u00bfC\u00f3mo elige Visionary Eye Doctors sus plataformas tecnol\u00f3gicas? La respuesta es simple; elegimos la tecnolog\u00eda con la mejor capacidad para diagnosticar problemas de salud ocular y aquellos que proporcionar\u00e1n los mejores resultados visuales.<\/p>\n<p>En nuestra \u00e1rea de ex\u00e1menes y mediciones iniciales, contamos con equipos sofisticados para ayudar a garantizar ex\u00e1menes oculares precisos y completos. Nuestros equipos son altamente avanzados y permiten a nuestros optometristas realizar mediciones sofisticadas para poder generar prescripciones de anteojos y recetas de lentes de contacto. Tambi\u00e9n se incluye en nuestra \u00e1rea de pruebas previas un Optos, que es un equipo que produce fotograf\u00edas de la retina que nos permite ver con claridad la salud de su retina sin dilataci\u00f3n de las pupilas.<\/p>\n<p>Tambi\u00e9n ofrecemos Diopsys\u00ae, una tecnolog\u00eda de diagn\u00f3stico de \u00faltima generaci\u00f3n para ayudarnos a diagnosticar enfermedades de la retina y el nervio \u00f3ptico. Somos una de las pocas pr\u00e1cticas en el \u00e1rea metropolitana de DC que puede realizar pruebas especializadas de la visi\u00f3n VEP (Visual Evoked Potencial) y ERG (Electroretinography ERG test).<\/p>\n<\/div><\/section><\/p><\/div><div class='av-flex-placeholder'><\/div><div class=\"flex_column av_three_fifth  flex_column_table_cell av-equal-height-column av-align-top av-zero-column-padding   avia-builder-el-9  el_after_av_two_fifth  avia-builder-el-last  \" style='border-radius:0px; '><section class=\"av_textblock_section \"  itemscope=\"itemscope\" itemtype=\"https:\/\/schema.org\/CreativeWork\" ><div class='avia_textblock  '   itemprop=\"text\" ><p>Adem\u00e1s, aqu\u00ed est\u00e1n s\u00f3lo algunas de las muchas tecnolog\u00edas avanzadas, procedimientos y ventajas que ofrecemos para darle la mejor experiencia posible:<\/p>\n<ul>\n<li>Cirug\u00eda avanzada de cataratas l\u00e1ser utilizando el sistema CATALYS\u00ae<\/li>\n<li>Lo \u00faltimo en lente intraocular premium (IOL) y tecnolog\u00eda de lente de colamer implantable (ICL), incluyendo nuevos lentes intraoculares multifocales y lente intraocular ajustable con luz.<\/li>\n<li>Alcon Wavetec ORA Technology es una tecnolog\u00eda revolucionaria para optimizar los resultados visuales de los procedimientos de cataratas y reemplazo de lentes<\/li>\n<li>Lo \u00faltimo en Lasik con los sistemas de longitud de onda Alcon<\/li>\n<li>Pruebas avanzadas de ojos secos y tratamientos de vanguardia, como Live View y LipiFlow<\/li>\n<li>Cirug\u00eda de Glaucoma M\u00ednimamente Invasiva\u00a0(MIGS)<\/li>\n<li>Avedro Collagen Crosslinking para detener la progresi\u00f3n del queratocono<\/li>\n<li>Ton\u00f3metros iCare para control de presi\u00f3n de glaucoma en el hogar<\/li>\n<li>Optos California con imagenes amplias de ultra-campo de la retina<\/li>\n<li>Sistema Optovue OCT<\/li>\n<\/ul>\n<p>Visionary Eye Doctors tambi\u00e9n ha estado involucrado en muchos de los ensayos cl\u00ednicos de la FDA que en \u00faltima instancia han llevado algunas de estas y anteriores tecnolog\u00edas a la vanguardia. En combinaci\u00f3n con la precisi\u00f3n y las habilidades empleadas por nuestros m\u00e9dicos, estas tecnolog\u00edas nos permiten proporcionar a nuestros pacientes resultados \u00f3ptimos en un proceso de tratamiento simplificado y conveniente con un toque amoroso.<\/p>\n<p><strong>Para obtener m\u00e1s informaci\u00f3n sobre nuestro compromiso tecnol\u00f3gico, <a href=\"https:\/\/www.voeyedr.com\/contact-us\/\">cont\u00e1ctenos en l\u00ednea<\/a> o ll\u00e1menos al <a href=\"tel:3015911763\" target=\"_blank\" rel=\"noopener noreferrer\">(301) 591-1763<\/a> hoy mismo.<\/strong><\/p>\n<\/div><\/section><\/div><\/div><!--close column table wrapper. Autoclose: 1 --><\/div><\/div><\/div><!-- close content main div --><\/div><\/div><div id='adbox' class='avia-section main_color avia-section-no-padding avia-no-border-styling avia-bg-style-scroll  avia-builder-el-11  el_after_av_section  avia-builder-el-last    container_wrap sidebar_right' style=' '  ><div class='container' ><div class='template-page content  av-content-small alpha units'><div class='post-entry post-entry-type-page post-entry-6996'><div class='entry-content-wrapper clearfix'>\n<div class=\"flex_column av_one_full  avia-full-stretch flex_column_div first  avia-builder-el-12  avia-builder-el-no-sibling   \" style='background:url(https:\/\/www.voeyedr.com\/wp-content\/uploads\/2018\/03\/bg-patient-banner.png) center right no-repeat ; padding:30px 40px 30px 40px ; border-radius:0px; '><section class=\"av_textblock_section \"  itemscope=\"itemscope\" itemtype=\"https:\/\/schema.org\/CreativeWork\" ><div class='avia_textblock  '  style='font-size:40px; '  itemprop=\"text\" ><h3>\u00a1Escuchen lo que nuestros pacientes tienen que decir!<\/h3>\n<\/div><\/section><br \/>\n<div class='avia-button-wrap avia-button-left  avia-builder-el-14  el_after_av_textblock  avia-builder-el-last  '><a href='https:\/\/www.voeyedr.com\/es\/historias-de-pacientes\/'  class='avia-button   avia-icon_select-no avia-color-custom avia-size-large avia-position-left '  style='background-color:#061f5c; border-color:#061f5c; color:#ffffff; ' ><span class='avia_iconbox_title' >Haga clic aqu\u00ed para obtener m\u00e1s informaci\u00f3n<\/span><\/a><\/div><\/p><\/div>\n<\/div><\/div><\/div><!-- close content main div --><\/div><\/div><div id='after_section_3' class='main_color av_default_container_wrap container_wrap sidebar_right' style=' '  ><div class='container' ><div class='template-page content  av-content-small alpha units'><div class='post-entry post-entry-type-page post-entry-6996'><div class='entry-content-wrapper clearfix'><\/p>\n","protected":false},"excerpt":{"rendered":"","protected":false},"author":17,"featured_media":0,"parent":8061,"menu_order":3,"comment_status":"closed","ping_status":"closed","template":"","meta":{"_kad_blocks_custom_css":"","_kad_blocks_head_custom_js":"","_kad_blocks_body_custom_js":"","_kad_blocks_footer_custom_js":"","footnotes":""},"class_list":["post-6996","page","type-page","status-publish","hentry"],"featured_image_src_large":false,"author_info":{"display_name":"Blue Corona","author_link":"https:\/\/www.voeyedr.com\/es\/author\/webmastersbluecorona-com\/"},"comment_info":0,"taxonomy_info":[],"_links":{"self":[{"href":"https:\/\/www.voeyedr.com\/es\/wp-json\/wp\/v2\/pages\/6996","targetHints":{"allow":["GET"]}}],"collection":[{"href":"https:\/\/www.voeyedr.com\/es\/wp-json\/wp\/v2\/pages"}],"about":[{"href":"https:\/\/www.voeyedr.com\/es\/wp-json\/wp\/v2\/types\/page"}],"author":[{"embeddable":true,"href":"https:\/\/www.voeyedr.com\/es\/wp-json\/wp\/v2\/users\/17"}],"replies":[{"embeddable":true,"href":"https:\/\/www.voeyedr.com\/es\/wp-json\/wp\/v2\/comments?post=6996"}],"version-history":[{"count":0,"href":"https:\/\/www.voeyedr.com\/es\/wp-json\/wp\/v2\/pages\/6996\/revisions"}],"up":[{"embeddable":true,"href":"https:\/\/www.voeyedr.com\/es\/wp-json\/wp\/v2\/pages\/8061"}],"wp:attachment":[{"href":"https:\/\/www.voeyedr.com\/es\/wp-json\/wp\/v2\/media?parent=6996"}],"curies":[{"name":"wp","href":"https:\/\/api.w.org\/{rel}","templated":true}]}}