{"id":7237,"date":"2021-07-01T09:29:34","date_gmt":"2021-07-01T09:29:34","guid":{"rendered":"https:\/\/voeyedrprod.wpengine.com\/?page_id=7237"},"modified":"2021-07-15T13:30:15","modified_gmt":"2021-07-15T13:30:15","slug":"camillas-story","status":"publish","type":"page","link":"https:\/\/www.voeyedr.com\/es\/historias-de-pacientes\/camillas-story\/","title":{"rendered":"Camilla&#8217;s Story"},"content":{"rendered":"<div id='consult' class='avia-section main_color avia-section-small avia-no-border-styling avia-bg-style-scroll  avia-builder-el-0  el_before_av_one_fourth  avia-builder-el-first    container_wrap sidebar_right' style='background-color: #00b5c9;  '  ><div class='container' ><main  role=\"main\" itemprop=\"mainContentOfPage\"  class='template-page content  av-content-small alpha units'><div class='post-entry post-entry-type-page post-entry-7237'><div class='entry-content-wrapper clearfix'>\n<div class='flex_column_table av-equal-height-column-flextable -flextable' ><div class=\"flex_column av_four_fifth  no_margin flex_column_table_cell av-equal-height-column av-align-middle av-zero-column-padding first  avia-builder-el-1  el_before_av_one_fifth  avia-builder-el-first  \" style='border-radius:0px; '><section class=\"av_textblock_section \"  itemscope=\"itemscope\" itemtype=\"https:\/\/schema.org\/CreativeWork\" ><div class='avia_textblock  av_inherit_color '  style='font-size:26px; color:#ffffff; '  itemprop=\"text\" ><p><img loading=\"lazy\" decoding=\"async\" class=\"size-full wp-image-1240 alignleft\" src=\"https:\/\/www.voeyedr.com\/wp-content\/uploads\/2018\/02\/consult-icon.png\" alt=\"\" width=\"60\" height=\"60\" srcset=\"https:\/\/www.voeyedr.com\/wp-content\/uploads\/2018\/02\/consult-icon.png 100w, https:\/\/www.voeyedr.com\/wp-content\/uploads\/2018\/02\/consult-icon-80x80.png 80w, https:\/\/www.voeyedr.com\/wp-content\/uploads\/2018\/02\/consult-icon-36x36.png 36w\" sizes=\"auto, (max-width: 60px) 100vw, 60px\" \/>De el siguiente paso, solicite una cita o consulta.<\/p>\n<\/div><\/section><\/div><div class=\"flex_column av_one_fifth  no_margin flex_column_table_cell av-equal-height-column av-align-middle av-zero-column-padding   avia-builder-el-3  el_after_av_four_fifth  avia-builder-el-last  \" style='border-radius:0px; '><div class='avia-button-wrap avia-button-center  avia-builder-el-4  avia-builder-el-no-sibling  '><a href=''  class='avia-button   avia-icon_select-no avia-color-light avia-size-large avia-position-center '   ><span class='avia_iconbox_title' >Reserve Ahora<\/span><\/a><\/div><\/div><\/div><!--close column table wrapper. Autoclose: 1 --><\/div><\/div><\/main><!-- close content main element --><\/div><\/div><div id='after_section_1' class='main_color av_default_container_wrap container_wrap sidebar_right' style=' '  ><div class='container' ><div class='template-page content  av-content-small alpha units'><div class='post-entry post-entry-type-page post-entry-7237'><div class='entry-content-wrapper clearfix'><div class=\"flex_column av_one_fourth  flex_column_div av-zero-column-padding first  avia-builder-el-5  el_after_av_section  el_before_av_three_fourth  avia-builder-el-first   \" style='border-width:1px; border-color:#00b5c9; border-style:solid; border-radius:0px; '><div class='avia-image-container  av-styling-    avia-builder-el-6  avia-builder-el-no-sibling   avia-align-center '  itemprop=\"ImageObject\" itemscope=\"itemscope\" itemtype=\"https:\/\/schema.org\/ImageObject\"  ><div class='avia-image-container-inner'><div class='avia-image-overlay-wrap'><a href='https:\/\/www.voeyedr.com\/wp-content\/uploads\/2018\/05\/Eyewhite-Camilla-Testimonial-Letter.pdf' class='avia_image'   target=\"_blank\" ><img class='avia_image ' src='https:\/\/www.voeyedr.com\/wp-content\/uploads\/2018\/05\/Eyewhite-Camilla-Testimonial-Letter.jpg' alt='' title='Eyewhite-Camilla-Testimonial-Letter'  itemprop=\"thumbnailUrl\"  \/><\/a><\/div><\/div><\/div><\/div><\/p>\n<div class=\"flex_column av_three_fourth  flex_column_div av-zero-column-padding   avia-builder-el-7  el_after_av_one_fourth  avia-builder-el-last  \" style='border-radius:0px; '><p><section class=\"av_textblock_section \"  itemscope=\"itemscope\" itemtype=\"https:\/\/schema.org\/CreativeWork\" ><div class='avia_textblock  '   itemprop=\"text\" ><p>Viviendo en Francia, Camilla est\u00e1 casada, trabaja y es una persona que al entrar en contacto con ella se percibe hermosa, amable, divertida y activa. Cuando Camilla descubri\u00f3 el crecimiento en su ojo, habiendo crecido en una familia de m\u00e9dicos, supo investigar sus opciones, ya que descubri\u00f3 que los casos de pterigi\u00f3n\/carnosidad en Europa son poco frecuentes y la recurrencia es un problema importante. Despu\u00e9s de una extensa investigaci\u00f3n y m\u00faltiples llamadas a oftalm\u00f3logos, eligi\u00f3 al Dr. Mart\u00ednez en el Instituto Eye White TM. Unirse a Camilla en su transformaci\u00f3n para ver el mundo m\u00e1s claramente con ojos claros y blancos. Este video fue filmado 2 semanas despu\u00e9s de su cirug\u00eda de extirpaci\u00f3n de pterigi\u00f3n\/carnosidad.<\/p>\n<\/div><\/section><br \/>\n<div style='height:10px' class='hr hr-invisible   avia-builder-el-9  el_after_av_textblock  el_before_av_textblock  '><span class='hr-inner ' ><span class='hr-inner-style'><\/span><\/span><\/div><br \/>\n<section class=\"av_textblock_section \"  itemscope=\"itemscope\" itemtype=\"https:\/\/schema.org\/CreativeWork\" ><div class='avia_textblock  av_inherit_color '  style='color:#00b3ba; '  itemprop=\"text\" ><blockquote>\n<p><em>\u2018Mi investigaci\u00f3n adicional me llev\u00f3 a la conclusi\u00f3n de que no s\u00f3lo tiene la calificaci\u00f3n como oftalm\u00f3logo experimentado, sino en particular con la eliminaci\u00f3n de injerto de pterigi\u00f3n\/carnosidad. Honestamente siento, que no podr\u00eda haber estado en manos m\u00e1s calificadas y cari\u00f1osas.\u2019<\/em><\/p>\n<\/blockquote>\n<\/div><\/section><br \/>\n<div style='height:30px' class='hr hr-invisible   avia-builder-el-11  el_after_av_textblock  el_before_av_codeblock  '><span class='hr-inner ' ><span class='hr-inner-style'><\/span><\/span><\/div><br \/>\n<\/p><\/div>\n","protected":false},"excerpt":{"rendered":"","protected":false},"author":17,"featured_media":0,"parent":7035,"menu_order":0,"comment_status":"closed","ping_status":"closed","template":"","meta":{"_kad_blocks_custom_css":"","_kad_blocks_head_custom_js":"","_kad_blocks_body_custom_js":"","_kad_blocks_footer_custom_js":"","footnotes":""},"class_list":["post-7237","page","type-page","status-publish","hentry"],"featured_image_src_large":false,"author_info":{"display_name":"Blue Corona","author_link":"https:\/\/www.voeyedr.com\/es\/author\/webmastersbluecorona-com\/"},"comment_info":0,"taxonomy_info":[],"_links":{"self":[{"href":"https:\/\/www.voeyedr.com\/es\/wp-json\/wp\/v2\/pages\/7237","targetHints":{"allow":["GET"]}}],"collection":[{"href":"https:\/\/www.voeyedr.com\/es\/wp-json\/wp\/v2\/pages"}],"about":[{"href":"https:\/\/www.voeyedr.com\/es\/wp-json\/wp\/v2\/types\/page"}],"author":[{"embeddable":true,"href":"https:\/\/www.voeyedr.com\/es\/wp-json\/wp\/v2\/users\/17"}],"replies":[{"embeddable":true,"href":"https:\/\/www.voeyedr.com\/es\/wp-json\/wp\/v2\/comments?post=7237"}],"version-history":[{"count":0,"href":"https:\/\/www.voeyedr.com\/es\/wp-json\/wp\/v2\/pages\/7237\/revisions"}],"up":[{"embeddable":true,"href":"https:\/\/www.voeyedr.com\/es\/wp-json\/wp\/v2\/pages\/7035"}],"wp:attachment":[{"href":"https:\/\/www.voeyedr.com\/es\/wp-json\/wp\/v2\/media?parent=7237"}],"curies":[{"name":"wp","href":"https:\/\/api.w.org\/{rel}","templated":true}]}}