{"id":8078,"date":"2021-08-04T09:16:06","date_gmt":"2021-08-04T09:16:06","guid":{"rendered":"https:\/\/voeyedrprod.wpengine.com\/?page_id=8078"},"modified":"2023-05-11T14:56:31","modified_gmt":"2023-05-11T14:56:31","slug":"degeneracion-macular-amd","status":"publish","type":"page","link":"https:\/\/www.voeyedr.com\/es\/conditions\/macular-degeneration\/","title":{"rendered":"Degeneraci\u00f3n macular (AMD)"},"content":{"rendered":"<h1>Degeneraci\u00f3n macular (AMD)<\/h1>\n<p>La degeneraci\u00f3n macular es una afecci\u00f3n ocular progresiva que afecta hasta 10 millones de estadounidenses y millones m\u00e1s en todo el mundo. La degeneraci\u00f3n macular (AMD) generalmente ocurre en personas mayores de 60 a\u00f1os y ataca la m\u00e1cula del ojo, donde se produce nuestra visi\u00f3n central m\u00e1s aguda. Aunque rara vez resulta en ceguera completa, roba al individuo casi todos menos a la visi\u00f3n perif\u00e9rica mas extrema, dejando s\u00f3lo im\u00e1genes tenues o agujeros negros en el centro de la visi\u00f3n.<\/p>\n<p>\u00bfTienes s\u00edntomas de degeneraci\u00f3n macular? Comun\u00edquese con Visionary Eye Doctors llam\u00e1ndonos al <strong><a href=\"tel:3015911763\" target=\"_blank\" rel=\"noopener noreferrer\">(301) 591-1763<\/a><\/strong> <a href=\"https:\/\/www.voeyedr.com\/para-pacientes\/solicitar-una-cita-o-consulta\/?lang=es\/\">hoy para establecer una consulta.<\/a><\/p>\n<h2>Tipos de Degeneraci\u00f3n Macular<\/h2>\n<p><img decoding=\"async\" src=\"https:\/\/www.voeyedr.com\/wp-content\/uploads\/2021\/07\/amd-1.jpg\" \/><\/p>\n<h3>Degeneraci\u00f3n macular seca | Degeneraci\u00f3n macular mojada<\/h3>\n<p>Hay dos formas de AMD: seca y h\u00fameda. El 80% de las personas diagnosticadas con AMD tienen AMD seca. Esto generalmente comienza con el adelgazamiento de la retina, y peque\u00f1os dep\u00f3sitos amarillos, llamados drusas, formando en la base de la retina. Por lo general, los pacientes tienen una p\u00e9rdida progresiva lenta de la visi\u00f3n.<\/p>\n<p>En aproximadamente 10% a 20% de los pacientes con AMD, el da\u00f1o de la retina puede progresar a AMD h\u00famedo. Aqu\u00ed es donde la base de la retina se ha adelgazado y degenerado en un grado que causa la formaci\u00f3n y la fuga de delicados vasos sangu\u00edneos anormales, causando una p\u00e9rdida de visi\u00f3n m\u00e1s r\u00e1pida y significativa.<\/p>\n<p>En la degeneraci\u00f3n macular h\u00fameda, los vasos sangu\u00edneos nuevos que crecen cerca de la m\u00e1cula pueden tener fugas o sangrado. Si este tipo est\u00e1 presente, el tratamiento con l\u00e1ser puede ayudar a sellar los recipientes con fugas, pero no puede reparar los da\u00f1os que ya se han producido. Muchos pacientes con cualquier tipo de degeneraci\u00f3n macular pueden beneficiarse de la rehabilitaci\u00f3n de baja visi\u00f3n. Los dispositivos \u00f3pticos se pueden recetar para ayudarle a utilizar la visi\u00f3n restante de manera m\u00e1s eficaz.<\/p>\n<h2>Signs and Symptoms of Macular Degeneration<\/h2>\n<p>Macular degeneration affects the area of the retina called the macula, the part of the eye responsible for central vision. A person with this condition has difficulty seeing detailed objects such as small print, faces, or street signs. The affected areas of the macula often cause scotomas, or small central areas of vision loss.<\/p>\n<p>These areas may cause objects to appear faded, disappear, or look distorted. Straight lines may look wavy. Peripheral vision is not affected and macular degeneration does not cause total blindness.<\/p>\n<h2>Diagn\u00f3stico de la degeneraci\u00f3n macular<\/h2>\n<p>Los ex\u00e1menes oculares dilatados anuales y de rutina son importantes para el manejo temprano de la degeneraci\u00f3n macular. Durante el examen, que se realiza por los mejores m\u00e9dicos de degeneraci\u00f3n macular, se realizan exploraciones por im\u00e1genes de la retina llamadas tomograf\u00edas de coherencia \u00f3ptica (OCT), proporcionando im\u00e1genes detalladas de la retina y la m\u00e1cula.a.<\/p>\n<p>Adem\u00e1s, se puede realizar una prueba de tinte llamada angiograf\u00eda con fluoresce\u00edna. Se inyecta un tinte amarillo (llamado fluoresce\u00edna) en la vena. Este tinte viaja a trav\u00e9s del cuerpo y hacia los ojos. Se utiliza una c\u00e1mara especial para resaltar el nuevo crecimiento vascular anormal o las fugas para ayudar a identificar la DMAE h\u00fameda.<\/p>\n<h2>Posibles causas y factores de riesgo<\/h2>\n<p>Se desconoce la causa exacta de la degeneraci\u00f3n macular relacionada con la edad (ARMD). Lo que los m\u00e9dicos conocen es que hay muchos factores de riesgo asociados con la degeneraci\u00f3n macular, incluyendo:<\/p>\n<ul>\n<li><strong>Edad<\/strong>. A medida que envejecemos aumenta el riesgo de desarrollar AMD. El riesgo de AMD a los 50 a\u00f1os es de solo el 2%. Esa tasa sube al 37% a los 75 a\u00f1os.<\/li>\n<li><strong>Historia familiar<\/strong>. TEl riesgo de desarrollar AMD es 300% mayor si un familiar inmediato tiene la afecci\u00f3n.<\/li>\n<li><strong>Gen\u00e9tica<\/strong>. Existe una fuerte asociaci\u00f3n entre el desarrollo de la DMAE y la presencia de genes variantes, incluido el factor de complemento H (CFH) y el factor de complemento B.<\/li>\n<li><strong>Fumar<\/strong>. Los pacientes que fuman tienen entre 5 y 8 veces m\u00e1s probabilidades de desarrollar DMAE en comparaci\u00f3n con los no fumadores.<\/li>\n<li><strong>Predisposici\u00f3n racial<\/strong>. Los cauc\u00e1sicos y los pacientes con piel y ojos de color claro son m\u00e1s propensos a desarrollar AMD que los pacientes pigmentados m\u00e1s oscuros.<\/li>\n<li><strong>Obesidad<\/strong>. La presi\u00f3n arterial alta y el colesterol alto aumentan el riesgo de desarrollar AMD.<\/li>\n<li><strong>Exposici\u00f3n UV<\/strong>. Es importante proteger los ojos usando anteojos de sol con protecci\u00f3n 100% UV.<\/li>\n<li><strong>Dieta<\/strong>.Las dietas ricas en grasas saturadas (es decir, carne, mantequilla, queso) y bajas en vitamina C, E y lute\u00edna aumentan el factor de riesgo de la DMAE.<\/li>\n<\/ul>\n<h2>C\u00f3mo tratar la Degeneraci\u00f3n Macular<\/h2>\n<h3>AMD seco<\/h3>\n<p>Actualmente, no hay tratamiento disponible para controlar la AMD seca. Se ha demostrado que la modificaci\u00f3n de salud y dieta incluyendo diariamente una vitamina para los ojos ( llamadas vitaminas de ojos AREDS, )el uso de gafas de sol con protecci\u00f3n 100% UV, la ingesta diaria de verduras de hoja verde, el ejercicio diario y el mantenimiento de una dieta mediterr\u00e1nea, ralentizan la progresi\u00f3n de la DMAE seca.<\/p>\n<p>Los estudios financiados por los Institutos Nacionales de Salud, llamados Estudio de Enfermedades Oculares Relacionadas con la Edad (AREDS 1 y 2), trataron de responder a la pregunta de si tomar vitaminas y\/o minerales diarios podr\u00eda prevenir, tratar o curar la DMAE. Resultados indicados:<\/p>\n<ul>\n<li>Los altos niveles de antioxidantes y zinc pueden reducir el riesgo de p\u00e9rdida de visi\u00f3n por parte de la AMD avanzada en al menos un 25% (pacientes con AMD seca intermedia o AMD seca avanzada).<\/li>\n<li>Los suplementos no proporcionan un beneficio significativo a los pacientes con DMAE seca m\u00ednima o temprana.<\/li>\n<li>Estos suplementos nutricionales no impiden el desarrollo inicial de la DMAE, ni mejoran la visi\u00f3n ya perdida ante la DMAE.<\/li>\n<\/ul>\n<h3>AMD h\u00famedo<\/h3>\n<p>Afortunadamente, hay maneras de manejar la AMD h\u00fameda. Se ha demostrado que las inyecciones anti-VEGF intrav\u00edtreos, como Avastin (Bevacizumab), Lucentis y Eylea, reducen las fugas maculares y el crecimiento vascular anormal, ralentizando la p\u00e9rdida de visi\u00f3n y a veces, incluso mejor\u00e1ndola (en aproximadamente el 50% de los pacientes).<\/p>\n","protected":false},"excerpt":{"rendered":"<p>Degeneraci\u00f3n macular (AMD) La degeneraci\u00f3n macular es una afecci\u00f3n ocular progresiva que afecta hasta 10 millones de estadounidenses y millones m\u00e1s en todo el mundo. La degeneraci\u00f3n macular (AMD) generalmente ocurre en personas mayores de 60 a\u00f1os y ataca la m\u00e1cula del ojo, donde se produce nuestra visi\u00f3n central m\u00e1s aguda. Aunque rara vez resulta [&hellip;]<\/p>\n","protected":false},"author":17,"featured_media":0,"parent":0,"menu_order":50,"comment_status":"closed","ping_status":"closed","template":"","meta":{"_kad_blocks_custom_css":"","_kad_blocks_head_custom_js":"","_kad_blocks_body_custom_js":"","_kad_blocks_footer_custom_js":"","footnotes":""},"class_list":["post-8078","page","type-page","status-publish","hentry"],"featured_image_src_large":false,"author_info":{"display_name":"Blue Corona","author_link":"https:\/\/www.voeyedr.com\/es\/author\/webmastersbluecorona-com\/"},"comment_info":0,"taxonomy_info":[],"_links":{"self":[{"href":"https:\/\/www.voeyedr.com\/es\/wp-json\/wp\/v2\/pages\/8078","targetHints":{"allow":["GET"]}}],"collection":[{"href":"https:\/\/www.voeyedr.com\/es\/wp-json\/wp\/v2\/pages"}],"about":[{"href":"https:\/\/www.voeyedr.com\/es\/wp-json\/wp\/v2\/types\/page"}],"author":[{"embeddable":true,"href":"https:\/\/www.voeyedr.com\/es\/wp-json\/wp\/v2\/users\/17"}],"replies":[{"embeddable":true,"href":"https:\/\/www.voeyedr.com\/es\/wp-json\/wp\/v2\/comments?post=8078"}],"version-history":[{"count":0,"href":"https:\/\/www.voeyedr.com\/es\/wp-json\/wp\/v2\/pages\/8078\/revisions"}],"wp:attachment":[{"href":"https:\/\/www.voeyedr.com\/es\/wp-json\/wp\/v2\/media?parent=8078"}],"curies":[{"name":"wp","href":"https:\/\/api.w.org\/{rel}","templated":true}]}}