{"id":8116,"date":"2021-08-04T12:45:41","date_gmt":"2021-08-04T12:45:41","guid":{"rendered":"https:\/\/voeyedrprod.wpengine.com\/?page_id=8116"},"modified":"2022-06-23T14:59:20","modified_gmt":"2022-06-23T14:59:20","slug":"centro-de-excelencia-del-ojo-seco-ojos-secos","status":"publish","type":"page","link":"https:\/\/www.voeyedr.com\/es\/centro-de-excelencia-del-ojo-seco-ojos-secos\/","title":{"rendered":"CENTRO DE EXCELENCIA DEL OJO SECO | OJOS SECOS"},"content":{"rendered":"<div id='av_section_1' class='avia-section main_color avia-section-no-padding avia-no-border-styling avia-full-stretch avia-bg-style-scroll  avia-builder-el-0  el_before_av_section  avia-builder-el-first    av-minimum-height av-minimum-height-50 container_wrap sidebar_right' style='background-color: #0a0a0a; background-repeat: no-repeat; background-image: url(https:\/\/www.voeyedr.com\/wp-content\/uploads\/2021\/07\/banner-home-cactus.jpg);background-attachment: scroll; background-position: center center;  '  data-section-bg-repeat='stretch'><div class='container' ><main  role=\"main\" itemprop=\"mainContentOfPage\"  class='template-page content  av-content-small alpha units'><div class='post-entry post-entry-type-page post-entry-8116'><div class='entry-content-wrapper clearfix'>\n<div class=\"flex_column av_three_fifth  flex_column_div first  avia-builder-el-1  el_before_av_two_fifth  avia-builder-el-first   \" style='padding:50px; border-radius:0px; '><div style='padding-bottom:10px; color:#ffffff;font-size:55px;' class='av-special-heading av-special-heading-h2 custom-color-heading blockquote modern-quote  avia-builder-el-2  avia-builder-el-no-sibling   av-inherit-size '><h2 class='av-special-heading-tag '  itemprop=\"headline\"  >\u00bfSUFRES DE OJOS SECOS, IRRITADOS, ROJOS Y CON PICAZ\u00d3N?<\/h2><div class ='av-subheading av-subheading_below av_custom_color ' style='font-size:24px;'><p>\u00a1Has venido al lugar correcto! Los pacientes viajan de todo el mundo para ver a la doctora Sandra Lora Cremers, (MD, FACS), para un innovador tratamiento de ojos secos y atenci\u00f3n personalizada.<\/p>\n<\/div><div class='special-heading-border'><div class='special-heading-inner-border' style='border-color:#ffffff'><\/div><\/div><\/div><\/div><div class=\"flex_column av_two_fifth  av-hide-on-mobile  flex_column_div av-zero-column-padding   avia-builder-el-3  el_after_av_three_fifth  avia-builder-el-last   \" style='border-radius:0px; '><\/div>\n\n<\/div><\/div><\/main><!-- close content main element --><\/div><\/div><div id='consult' class='avia-section main_color avia-section-small avia-no-border-styling avia-bg-style-scroll  avia-builder-el-4  el_after_av_section  el_before_av_submenu    container_wrap sidebar_right' style='background-color: #00b5c9;  '  ><div class='container' ><div class='template-page content  av-content-small alpha units'><div class='post-entry post-entry-type-page post-entry-8116'><div class='entry-content-wrapper clearfix'>\n<div class='flex_column_table av-equal-height-column-flextable -flextable' ><div class=\"flex_column av_four_fifth  no_margin flex_column_table_cell av-equal-height-column av-align-middle av-zero-column-padding first  avia-builder-el-5  el_before_av_one_fifth  avia-builder-el-first  \" style='border-radius:0px; '><section class=\"av_textblock_section \"  itemscope=\"itemscope\" itemtype=\"https:\/\/schema.org\/CreativeWork\" ><div class='avia_textblock  av_inherit_color '  style='font-size:26px; color:#ffffff; '  itemprop=\"text\" ><p>Obtenga m\u00e1s informaci\u00f3n sobre nuestro Centro de Excelencia EyeDry<\/p>\n<\/div><\/section><\/div><div class=\"flex_column av_one_fifth  no_margin flex_column_table_cell av-equal-height-column av-align-middle av-zero-column-padding   avia-builder-el-7  el_after_av_four_fifth  avia-builder-el-last  \" style='border-radius:0px; '><div class='avia-button-wrap avia-button-center  avia-builder-el-8  avia-builder-el-no-sibling  '><a href=\"https:\/\/www.eyedrymd.com\/\" class=\"avia-button   avia-icon_select-no avia-color-light avia-size-large avia-position-center \" target=\"_blank\" rel=\"noopener\"><span class='avia_iconbox_title' >More<\/span><\/a><\/div><\/div><\/div><!--close column table wrapper. Autoclose: 1 -->\n\n<\/div><\/div><\/div><!-- close content main div --><\/div><\/div><div class='clear'><\/div><div id='sub_menu1' class='av-submenu-container main_color  avia-builder-el-9  el_after_av_section  el_before_av_section   av-sticky-submenu submenu-not-first container_wrap sidebar_right' style='  z-index:301' ><div class='container av-menu-mobile-disabled '><ul id=\"menu-dry-eye-spanish\" class=\"av-subnav-menu av-submenu-pos-center\"><li id=\"menu-item-7788\" class=\"menu-item menu-item-type-custom menu-item-object-custom menu-item-top-level menu-item-top-level-1\"><a href=\"https:\/\/www.voeyedr.com\/our-services\/dry-eye-center-of-excellence-eyedry\/#eye-dry-center\" itemprop=\"url\"><span class=\"avia-bullet\"><\/span><span class=\"avia-menu-text\">EyeDry Center of Excellence<\/span><span class=\"avia-menu-fx\"><span class=\"avia-arrow-wrap\"><span class=\"avia-arrow\"><\/span><\/span><\/span><\/a><\/li>\n<li id=\"menu-item-7789\" class=\"menu-item menu-item-type-custom menu-item-object-custom menu-item-top-level menu-item-top-level-2\"><a href=\"https:\/\/www.voeyedr.com\/our-services\/dry-eye-center-of-excellence-eyedry\/#dry-eye-overview\" itemprop=\"url\"><span class=\"avia-bullet\"><\/span><span class=\"avia-menu-text\">Dry Eye Overview<\/span><span class=\"avia-menu-fx\"><span class=\"avia-arrow-wrap\"><span class=\"avia-arrow\"><\/span><\/span><\/span><\/a><\/li>\n<li id=\"menu-item-7790\" class=\"menu-item menu-item-type-custom menu-item-object-custom menu-item-top-level menu-item-top-level-3\"><a href=\"https:\/\/www.voeyedr.com\/our-services\/dry-eye-center-of-excellence-eyedry\/#dry-eye-symptoms\" itemprop=\"url\"><span class=\"avia-bullet\"><\/span><span class=\"avia-menu-text\">Symptoms<\/span><span class=\"avia-menu-fx\"><span class=\"avia-arrow-wrap\"><span class=\"avia-arrow\"><\/span><\/span><\/span><\/a><\/li>\n<li id=\"menu-item-8330\" class=\"menu-item menu-item-type-post_type menu-item-object-page menu-item-top-level menu-item-top-level-4\"><a href=\"https:\/\/www.voeyedr.com\/es\/centro-de-excelencia-del-ojo-seco-ojos-secos\/\" itemprop=\"url\"><span class=\"avia-bullet\"><\/span><span class=\"avia-menu-text\">CENTRO DE EXCELENCIA DEL OJO SECO | OJOS SECOS<\/span><span class=\"avia-menu-fx\"><span class=\"avia-arrow-wrap\"><span class=\"avia-arrow\"><\/span><\/span><\/span><\/a><\/li>\n<li id=\"menu-item-8331\" class=\"menu-item menu-item-type-post_type menu-item-object-page menu-item-top-level menu-item-top-level-5\"><a href=\"https:\/\/www.voeyedr.com\/es\/solicite-una-cita\/\" itemprop=\"url\"><span class=\"avia-bullet\"><\/span><span class=\"avia-menu-text\">Solicite una Cita<\/span><span class=\"avia-menu-fx\"><span class=\"avia-arrow-wrap\"><span class=\"avia-arrow\"><\/span><\/span><\/span><\/a><\/li>\n<\/ul><\/div><\/div><div class='sticky_placeholder'><\/div>\n<div id='av_section_3' class='avia-section main_color avia-section-no-padding avia-no-border-styling avia-bg-style-scroll  avia-builder-el-10  el_after_av_submenu  el_before_av_section    container_wrap sidebar_right' style=' '  ><div class='container' ><div class='template-page content  av-content-small alpha units'><div class='post-entry post-entry-type-page post-entry-8116'><div class='entry-content-wrapper clearfix'>\n<div style='height:50px' class='hr hr-invisible   avia-builder-el-11  el_before_av_codeblock  avia-builder-el-first  '><span class='hr-inner ' ><span class='hr-inner-style'><\/span><\/span><\/div>\n\n<div class='flex_column_table av-equal-height-column-flextable -flextable' ><div class=\"flex_column av_one_half  flex_column_table_cell av-equal-height-column av-align-top av-zero-column-padding first  avia-builder-el-13  el_after_av_codeblock  el_before_av_one_third   \" style='border-radius:0px; '><p><div style='padding-bottom:10px; color:#00b5c9;font-size:30px;' class='av-special-heading av-special-heading-h1 custom-color-heading blockquote modern-quote  avia-builder-el-14  el_before_av_textblock  avia-builder-el-first   av-inherit-size '><h1 class='av-special-heading-tag '  itemprop=\"headline\"  >CENTRO DE EXCELENCIA DEL OJO SECO<\/h1><div class='special-heading-border'><div class='special-heading-inner-border' style='border-color:#00b5c9'><\/div><\/div><\/div><br \/>\n<section class=\"av_textblock_section \"  itemscope=\"itemscope\" itemtype=\"https:\/\/schema.org\/CreativeWork\" ><div class='avia_textblock  '   itemprop=\"text\" ><p>En 2017, establecimos el Centro de Excelencia EyeDry, dedicado a proporcionar alivio a pacientes con s\u00edndrome del ojo seco. Tenemos la suerte de contar con un equipo de oftalm\u00f3logos expertos, entre ellos <a href=\"https:\/\/www.voeyedr.com\/our-practice\/our-doctors\/#cremers\">Sandra Lora Cremers, MD, FACS. <\/a>.<\/p>\n<p>Una de las principales especialistas en ojos secos en el mundo, la Dr. Cremers es una de los pocos m\u00e9dicos en el pa\u00eds que proporciona enfoques pioneros y de vanguardia para el tratamiento del s\u00edndrome del ojo seco grave por la disfunci\u00f3n de la gl\u00e1ndula meibomiana (MGD).<\/p>\n<p>Nuestros m\u00e9dicos contin\u00faan la formaci\u00f3n y el entrenamiento en el cuidado de los ojos para ofrecer la mejor atenci\u00f3n de tratamiento a nuestros pacientes. El tratamiento es personalizado y a menudo multifac\u00e9tico, incorporando varias terapias cl\u00ednicas, as\u00ed como atenci\u00f3n en el hogar.<\/p>\n<p><strong>\u00bfEst\u00e1 buscando especialistas en ojos secos \u00abcerca de usted\u00bb? Para obtener m\u00e1s informaci\u00f3n sobre el s\u00edndrome del ojo seco y nuestro enfoque de tratamiento integral y de vanguardia, <a href=\"https:\/\/www.eyedrymd.com\/\" target=\"_blank\" rel=\"noopener\">click here<\/a>. haga clic aqu\u00ed.<\/strong><\/p>\n<\/div><\/section><\/p><\/div><div class='av-flex-placeholder'><\/div><div class=\"flex_column av_one_third  flex_column_table_cell av-equal-height-column av-align-top av-zero-column-padding   avia-builder-el-16  el_after_av_one_half  avia-builder-el-last   \" style='border-radius:0px; '><p><div class='avia-image-container  av-styling-no-styling    avia-builder-el-17  el_before_av_hr  avia-builder-el-first   avia-align- '  itemprop=\"ImageObject\" itemscope=\"itemscope\" itemtype=\"https:\/\/schema.org\/ImageObject\"  ><div class='avia-image-container-inner'><div class='avia-image-overlay-wrap'><img class='avia_image' src='https:\/\/www.voeyedr.com\/wp-content\/uploads\/2018\/02\/eye-dry-logo.png' alt='' title='EyeDry' height=\"109\" width=\"470\"  itemprop=\"thumbnailUrl\"  \/><\/div><\/div><\/div><br \/>\n<div style='height:30px' class='hr hr-invisible   avia-builder-el-18  el_after_av_image  el_before_av_image  '><span class='hr-inner ' ><span class='hr-inner-style'><\/span><\/span><\/div><br \/>\n<div class='avia-image-container  av-styling-no-styling    avia-builder-el-19  el_after_av_hr  el_before_av_textblock   avia-align- '  itemprop=\"ImageObject\" itemscope=\"itemscope\" itemtype=\"https:\/\/schema.org\/ImageObject\"  ><div class='avia-image-container-inner'><div class='avia-image-overlay-wrap'><img class='avia_image' src='https:\/\/www.voeyedr.com\/wp-content\/uploads\/2018\/02\/dr-cremers-portrait-crop.jpg' alt='' title=''   itemprop=\"thumbnailUrl\"  \/><\/div><\/div><\/div><br \/>\n<section class=\"av_textblock_section \"  itemscope=\"itemscope\" itemtype=\"https:\/\/schema.org\/CreativeWork\" ><div class='avia_textblock  '   itemprop=\"text\" ><h4 style=\"text-align: center;\"><a href=\"https:\/\/www.voeyedr.com\/our-practice\/our-doctors\/#cremers\"><strong>Sandra Lora Cremers, MD, FACS<\/strong><\/a><\/h4>\n<\/div><\/section><\/p><\/div><\/div><!--close column table wrapper. Autoclose: 1 -->\n\n<\/div><\/div><\/div><!-- close content main div --><\/div><\/div><div id='av_section_4' class='avia-section main_color avia-section-no-padding avia-no-border-styling avia-bg-style-scroll  avia-builder-el-21  el_after_av_section  el_before_av_section    container_wrap sidebar_right' style=' '  ><div class='container' ><div class='template-page content  av-content-small alpha units'><div class='post-entry post-entry-type-page post-entry-8116'><div class='entry-content-wrapper clearfix'>\n<div  class='hr hr-default   avia-builder-el-22  el_before_av_codeblock  avia-builder-el-first '><span class='hr-inner ' ><span class='hr-inner-style'><\/span><\/span><\/div>\n\n<div style='padding-bottom:19px; color:#00b5c9;font-size:30px;' class='av-special-heading av-special-heading-h3 custom-color-heading blockquote modern-quote  avia-builder-el-24  el_after_av_codeblock  el_before_av_three_fifth   av-inherit-size '><h3 class='av-special-heading-tag '  itemprop=\"headline\"  >Descripci\u00f3n general del ojo seco<\/h3><div class='special-heading-border'><div class='special-heading-inner-border' style='border-color:#00b5c9'><\/div><\/div><\/div>\n<div class='flex_column_table av-equal-height-column-flextable -flextable' ><div class=\"flex_column av_three_fifth  flex_column_table_cell av-equal-height-column av-align-top av-zero-column-padding first  avia-builder-el-25  el_after_av_heading  avia-builder-el-last   \" style='border-radius:0px; '><section class=\"av_textblock_section \"  itemscope=\"itemscope\" itemtype=\"https:\/\/schema.org\/CreativeWork\" ><div class='avia_textblock  '   itemprop=\"text\" ><h3>\u00bfQu\u00e9 es el S\u00edndrome del Ojo Seco?<\/h3>\n<p>El s\u00edndrome del ojo seco es una afecci\u00f3n com\u00fan que ocurre cuando las l\u00e1grimas no son suficientes para mantener la superficie frontal del ojo (c\u00f3rnea) bien lubricada. La salud de la c\u00f3rnea y su comodidad se ven ayudados por sus l\u00e1grimas. La baja producci\u00f3n de l\u00e1grimas y la composici\u00f3n desequilibrada de estas pueden tener efectos duraderos en la visi\u00f3n.<\/p>\n<p>Muchas personas, sean conscientes o no de ello, sufren de ojos secos. El s\u00edndrome del ojo seco (DES) es una de las afecciones m\u00e1s comunes pero menos diagnosticadas que afecta la salud del ojo.<\/p>\n<p><strong>\u00bfSufre de s\u00edndrome del ojo seco? Los expertos de <a href=\"https:\/\/www.voeyedr.com\/\"> Visionary Eye Doctors<\/a> tienen a\u00f1os de experiencia en el tratamiento del s\u00edndrome del ojo seco en el \u00e1rea de Washington, DC y Maryland. <a href=\"https:\/\/www.voeyedr.com\/contact-us\/\">\u00a1Cont\u00e1ctenos hoy<\/a>!<\/strong><\/p>\n<\/div><\/section><\/div><\/div><!--close column table wrapper. Autoclose: 1 -->\n\n<\/div><\/div><\/div><!-- close content main div --><\/div><\/div><div id='av_section_5' class='avia-section main_color avia-section-no-padding avia-no-border-styling avia-bg-style-scroll  avia-builder-el-27  el_after_av_section  el_before_av_section    container_wrap sidebar_right' style=' '  ><div class='container' ><div class='template-page content  av-content-small alpha units'><div class='post-entry post-entry-type-page post-entry-8116'><div class='entry-content-wrapper clearfix'>\n<div  class='hr hr-default   avia-builder-el-28  el_before_av_codeblock  avia-builder-el-first '><span class='hr-inner ' ><span class='hr-inner-style'><\/span><\/span><\/div>\n\n<div class='flex_column_table av-equal-height-column-flextable -flextable' ><div class=\"flex_column av_three_fourth  flex_column_table_cell av-equal-height-column av-align-top av-zero-column-padding first  avia-builder-el-30  el_after_av_codeblock  el_before_av_one_fourth   \" style='border-radius:0px; '><p><div style='padding-bottom:10px; color:#00b5c9;font-size:30px;' class='av-special-heading av-special-heading-h3 custom-color-heading blockquote modern-quote  avia-builder-el-31  el_before_av_textblock  avia-builder-el-first   av-inherit-size '><h3 class='av-special-heading-tag '  itemprop=\"headline\"  >S\u00edntomas de ojo seco<\/h3><div class='special-heading-border'><div class='special-heading-inner-border' style='border-color:#00b5c9'><\/div><\/div><\/div><br \/>\n<section class=\"av_textblock_section \"  itemscope=\"itemscope\" itemtype=\"https:\/\/schema.org\/CreativeWork\" ><div class='avia_textblock  '   itemprop=\"text\" ><p>El s\u00edndrome del ojo seco causa m\u00e1s que solo molestias; puede resultar en da\u00f1o permanente de la c\u00f3rnea, p\u00e9rdida de la visi\u00f3n, y otros problemas. Tambi\u00e9n puede ser un s\u00edntoma de una condici\u00f3n m\u00e9dica oculta. Por estas razones y m\u00e1s, nosotros en Visionary Eye Doctors nos tomamos el ojo seco muy en serio, y la Dra. Cremers es una de las mejores del pa\u00eds para tratar los ojos secos.<\/p>\n<h3>\u00bfCu\u00e1les son los s\u00edntomas del s\u00edndrome del ojo seco?<\/h3>\n<ul>\n<li>escozor y picaz\u00f3n en los ojos<\/li>\n<li>lagrimeo excesivo o sensibilidad a la luz<\/li>\n<li>Visi\u00f3n disminuida o borrosa<\/li>\n<li>Inflamaci\u00f3n y enrojecimiento<\/li>\n<li>Sensaci\u00f3n arenosa<\/li>\n<\/ul>\n<h3>\u00bfPor qu\u00e9 mis ojos se secan?<\/h3>\n<p>Hay muchas razones por las que los ojos pueden irritarse: lentes de contacto, uso de computadoras y tel\u00e9fonos inteligentes, lectura extensa, enfermedad ocular, condiciones ambientales, cirug\u00eda ocular y m\u00e1s.<\/p>\n<p>Sin embargo, si las gotas para los ojos de venta libre no proporcionan suficiente alivio de los s\u00edntomas cr\u00f3nicos, es posible que tengas una afecci\u00f3n del ojo seco que requiera ayuda profesional. Descubrir la causa de sus s\u00edntomas nos permitir\u00e1 recomendarle el mejor tratamiento, ahorr\u00e1ndole dinero y frustraci\u00f3n.<\/p>\n<h3>Da el siguiente paso<\/h3>\n<p><strong>\u00bfListo para programar el tratamiento de ojos secos en Washington, D.C.? Para obtener m\u00e1s informaci\u00f3n sobre nuestro Centro de Excelencia para Ojos Secos, haga <a href=\"https:\/\/www.eyedrymd.com\/\" target=\"_blank\" rel=\"noopener\"> clic aqu\u00ed<\/a>, o para programar una cita para una consulta de ojo seco con el Dr. Cremers haga <a href=\"https:\/\/www.voeyedr.com\/for-patients\/request-an-appointment\/\">clic aqu\u00ed<\/a>.<\/strong><\/p>\n<\/div><\/section><br \/>\n<div style='height:50px' class='hr hr-invisible   avia-builder-el-33  el_after_av_textblock  avia-builder-el-last  '><span class='hr-inner ' ><span class='hr-inner-style'><\/span><\/span><\/div><\/p><\/div><div class='av-flex-placeholder'><\/div><div class=\"flex_column av_one_fourth  flex_column_table_cell av-equal-height-column av-align-top av-zero-column-padding   avia-builder-el-34  el_after_av_three_fourth  avia-builder-el-last  \" style='border-radius:0px; '><\/div><\/div><!--close column table wrapper. Autoclose: 1 -->\n\n<\/div><\/div><\/div><!-- close content main div --><\/div><\/div><div id='av_section_6' class='avia-section main_color avia-section-no-padding avia-no-border-styling avia-bg-style-scroll  avia-builder-el-35  el_after_av_section  el_before_av_section    container_wrap sidebar_right' style=' '  ><div class='container' ><div class='template-page content  av-content-small alpha units'><div class='post-entry post-entry-type-page post-entry-8116'><div class='entry-content-wrapper clearfix'>\n<div class='flex_column_table av-equal-height-column-flextable -flextable' ><div class=\"flex_column av_three_fourth  flex_column_table_cell av-equal-height-column av-align-top av-zero-column-padding first  avia-builder-el-36  avia-builder-el-no-sibling   \" style='border-radius:0px; '><p><div style='padding-bottom:10px; color:#00b5c9;font-size:30px;' class='av-special-heading av-special-heading-h3 custom-color-heading blockquote modern-quote  avia-builder-el-37  el_before_av_textblock  avia-builder-el-first   av-inherit-size '><h3 class='av-special-heading-tag '  itemprop=\"headline\"  >Da el siguiente paso<\/h3><div class='special-heading-border'><div class='special-heading-inner-border' style='border-color:#00b5c9'><\/div><\/div><\/div><br \/>\n<section class=\"av_textblock_section \"  itemscope=\"itemscope\" itemtype=\"https:\/\/schema.org\/CreativeWork\" ><div class='avia_textblock  '   itemprop=\"text\" ><p><strong>\u00a1Nunca busques \u00aboftalm\u00f3logo cerca de m\u00ed\u00bb otra vez! Para obtener m\u00e1s informaci\u00f3n sobre nuestro Centro de Excelencia para Ojos Secos, haga<a href=\"https:\/\/www.eyedrymd.com\/\" target=\"_blank\" rel=\"noopener\"> clic aqu\u00ed<\/a>, o para programar una cita para una consulta de ojo seco con la Doctora. Cremers haga <a href=\"https:\/\/www.voeyedr.com\/for-patients\/request-an-appointment\/\">clic aqu\u00ed<\/a>.<\/strong><\/p>\n<\/div><\/section><br \/>\n<div style='height:50px' class='hr hr-invisible   avia-builder-el-39  el_after_av_textblock  avia-builder-el-last  '><span class='hr-inner ' ><span class='hr-inner-style'><\/span><\/span><\/div><\/p><\/div><\/div><!--close column table wrapper. Autoclose: 1 -->\n\n<\/div><\/div><\/div><!-- close content main div --><\/div><\/div><div id='adbox' class='avia-section main_color avia-section-no-padding avia-no-border-styling avia-bg-style-scroll  avia-builder-el-40  el_after_av_section  avia-builder-el-last    container_wrap sidebar_right' style=' '  ><div class='container' ><div class='template-page content  av-content-small alpha units'><div class='post-entry post-entry-type-page post-entry-8116'><div class='entry-content-wrapper clearfix'>\n<div class=\"flex_column av_one_full  avia-full-stretch flex_column_div first  avia-builder-el-41  avia-builder-el-no-sibling   \" style='background:url(https:\/\/www.voeyedr.com\/wp-content\/uploads\/2018\/03\/bg-patient-banner.png) center right no-repeat ; padding:30px 40px 30px 40px ; border-radius:0px; '><section class=\"av_textblock_section \"  itemscope=\"itemscope\" itemtype=\"https:\/\/schema.org\/CreativeWork\" ><div class='avia_textblock  '  style='font-size:40px; '  itemprop=\"text\" ><h3>\u00a1Escuchen lo que nuestros pacientes tienen que decir!<\/h3>\n<\/div><\/section><br \/>\n<div class='avia-button-wrap avia-button-left  avia-builder-el-43  el_after_av_textblock  avia-builder-el-last  '><a href=\"https:\/\/www.voeyedr.com\/es\/historias-de-pacientes\/\" class=\"avia-button   avia-icon_select-no avia-color-custom avia-size-large avia-position-left \" style=\"background-color:#061f5c; border-color:#061f5c; color:#ffffff; \"><span class='avia_iconbox_title' >Haga clic aqu\u00ed para obtener m\u00e1s informaci\u00f3n<\/span><\/a><\/div><\/p><\/div>\n<\/div><\/div><\/div><!-- close content main div --><\/div><\/div><div id='after_section_7' class='main_color av_default_container_wrap container_wrap sidebar_right' style=' '  ><div class='container' ><div class='template-page content  av-content-small alpha units'><div class='post-entry post-entry-type-page post-entry-8116'><div class='entry-content-wrapper clearfix'>\n","protected":false},"excerpt":{"rendered":"","protected":false},"author":17,"featured_media":0,"parent":0,"menu_order":45,"comment_status":"closed","ping_status":"closed","template":"","meta":{"_kad_blocks_custom_css":"","_kad_blocks_head_custom_js":"","_kad_blocks_body_custom_js":"","_kad_blocks_footer_custom_js":"","footnotes":""},"class_list":["post-8116","page","type-page","status-publish","hentry"],"featured_image_src_large":false,"author_info":{"display_name":"Blue Corona","author_link":"https:\/\/www.voeyedr.com\/es\/author\/webmastersbluecorona-com\/"},"comment_info":0,"taxonomy_info":[],"_links":{"self":[{"href":"https:\/\/www.voeyedr.com\/es\/wp-json\/wp\/v2\/pages\/8116","targetHints":{"allow":["GET"]}}],"collection":[{"href":"https:\/\/www.voeyedr.com\/es\/wp-json\/wp\/v2\/pages"}],"about":[{"href":"https:\/\/www.voeyedr.com\/es\/wp-json\/wp\/v2\/types\/page"}],"author":[{"embeddable":true,"href":"https:\/\/www.voeyedr.com\/es\/wp-json\/wp\/v2\/users\/17"}],"replies":[{"embeddable":true,"href":"https:\/\/www.voeyedr.com\/es\/wp-json\/wp\/v2\/comments?post=8116"}],"version-history":[{"count":0,"href":"https:\/\/www.voeyedr.com\/es\/wp-json\/wp\/v2\/pages\/8116\/revisions"}],"wp:attachment":[{"href":"https:\/\/www.voeyedr.com\/es\/wp-json\/wp\/v2\/media?parent=8116"}],"curies":[{"name":"wp","href":"https:\/\/api.w.org\/{rel}","templated":true}]}}