{"id":8161,"date":"2021-08-04T13:59:02","date_gmt":"2021-08-04T13:59:02","guid":{"rendered":"https:\/\/voeyedrprod.wpengine.com\/?page_id=8161"},"modified":"2021-09-20T12:14:42","modified_gmt":"2021-09-20T12:14:42","slug":"nuestra-investigacion-clinica","status":"publish","type":"page","link":"https:\/\/www.voeyedr.com\/es\/nuestra-historia\/nuestra-investigacion-clinica\/","title":{"rendered":"NUESTRA INVESTIGACI\u00d3N CL\u00cdNICA"},"content":{"rendered":"<div id='consult' class='avia-section main_color avia-section-small avia-no-border-styling avia-bg-style-scroll  avia-builder-el-0  el_before_av_section  avia-builder-el-first    container_wrap sidebar_right' style='background-color: #00b5c9;  '  ><div class='container' ><main  role=\"main\" itemprop=\"mainContentOfPage\"  class='template-page content  av-content-small alpha units'><div class='post-entry post-entry-type-page post-entry-8161'><div class='entry-content-wrapper clearfix'>\n<div class='flex_column_table av-equal-height-column-flextable -flextable' ><div class=\"flex_column av_four_fifth  no_margin flex_column_table_cell av-equal-height-column av-align-middle av-zero-column-padding first  avia-builder-el-1  el_before_av_one_fifth  avia-builder-el-first  \" style='border-radius:0px; '><section class=\"av_textblock_section \"  itemscope=\"itemscope\" itemtype=\"https:\/\/schema.org\/CreativeWork\" ><div class='avia_textblock  av_inherit_color '  style='font-size:26px; color:#ffffff; '  itemprop=\"text\" ><p><img loading=\"lazy\" decoding=\"async\" class=\"size-full wp-image-1240 alignleft\" src=\"https:\/\/www.voeyedr.com\/wp-content\/uploads\/2018\/02\/consult-icon.png\" alt=\"\" width=\"60\" height=\"60\" srcset=\"https:\/\/www.voeyedr.com\/wp-content\/uploads\/2018\/02\/consult-icon.png 100w, https:\/\/www.voeyedr.com\/wp-content\/uploads\/2018\/02\/consult-icon-80x80.png 80w, https:\/\/www.voeyedr.com\/wp-content\/uploads\/2018\/02\/consult-icon-36x36.png 36w\" sizes=\"auto, (max-width: 60px) 100vw, 60px\" \/>Da el siguiente paso. Solicitar una cita o consulta.<\/p>\n<\/div><\/section><\/div><div class=\"flex_column av_one_fifth  no_margin flex_column_table_cell av-equal-height-column av-align-middle av-zero-column-padding   avia-builder-el-3  el_after_av_four_fifth  avia-builder-el-last  \" style='border-radius:0px; '><div class='avia-button-wrap avia-button-center  avia-builder-el-4  avia-builder-el-no-sibling  '><a href='https:\/\/www.voeyedr.com\/es\/solicitar-una-cita-o-consulta\/'  class='avia-button   avia-icon_select-no avia-color-light avia-size-large avia-position-center '   ><span class='avia_iconbox_title' >Reserve ahora<\/span><\/a><\/div><\/div><\/div><!--close column table wrapper. Autoclose: 1 -->\n\n<\/div><\/div><\/main><!-- close content main element --><\/div><\/div><div id='av_section_2' class='avia-section main_color avia-section-large avia-no-shadow avia-bg-style-scroll  avia-builder-el-5  el_after_av_section  el_before_av_section    container_wrap sidebar_right' style=' '  ><div class='container' ><div class='template-page content  av-content-small alpha units'><div class='post-entry post-entry-type-page post-entry-8161'><div class='entry-content-wrapper clearfix'>\n<div class='avia-image-container  av-styling-    avia-builder-el-6  el_before_av_textblock  avia-builder-el-first   avia-align-center '  itemprop=\"ImageObject\" itemscope=\"itemscope\" itemtype=\"https:\/\/schema.org\/ImageObject\"  ><div class='avia-image-container-inner'><div class='avia-image-overlay-wrap'><img class='avia_image' src='https:\/\/www.voeyedr.com\/wp-content\/uploads\/2018\/02\/our-clinical-research.jpg' alt='' title='our-clinical-research' height=\"183\" width=\"250\"  itemprop=\"thumbnailUrl\"  \/><\/div><\/div><\/div>\n<section class=\"av_textblock_section \"  itemscope=\"itemscope\" itemtype=\"https:\/\/schema.org\/CreativeWork\" ><div class='avia_textblock  '   itemprop=\"text\" ><h1 style=\"text-align: center;\">NUESTRA INVESTIGACI\u00d3N CL\u00cdNICA<\/h1>\n<\/div><\/section>\n<div style=' margin-top:0; margin-bottom:30px;'  class='hr hr-custom hr-center hr-icon-no   avia-builder-el-8  el_after_av_textblock  el_before_av_two_fifth  '><span class='hr-inner   inner-border-av-border-thin' style=' width:100%; border-color:#00b5c9;' ><span class='hr-inner-style'><\/span><\/span><\/div>\n<div class='flex_column_table av-equal-height-column-flextable -flextable' ><div class=\"flex_column av_two_fifth  flex_column_table_cell av-equal-height-column av-align-top av-zero-column-padding first  avia-builder-el-9  el_after_av_hr  el_before_av_three_fifth   \" style='border-radius:0px; '><p><section class=\"av_textblock_section \"  itemscope=\"itemscope\" itemtype=\"https:\/\/schema.org\/CreativeWork\" ><div class='avia_textblock  av_inherit_color '  style='font-size:17px; color:#00b5c9; '  itemprop=\"text\" ><p><strong>Para mantener su reputaci\u00f3n como uno de los l\u00edderes mundiales en el cuidado de la visi\u00f3n y ampliar su conocimiento en este campo de r\u00e1pido crecimiento, el doctor J. Alberto Mart\u00ednez, y la doctora Sandra Lora Cremers, est\u00e1n continuamente estudiando las \u00faltimas t\u00e9cnicas, procedimientos y tecnolog\u00edas.<\/strong><\/p>\n<\/div><\/section><br \/>\n<div class='avia-image-container  av-styling-    avia-builder-el-11  el_after_av_textblock  el_before_av_textblock   avia-align- '  itemprop=\"ImageObject\" itemscope=\"itemscope\" itemtype=\"https:\/\/schema.org\/ImageObject\"  ><div class='avia-image-container-inner'><div class='avia-image-overlay-wrap'><img class='avia_image' src='https:\/\/www.voeyedr.com\/wp-content\/uploads\/2018\/02\/eye-white-logo-medium.png' alt='' title='EyeWhite' height=\"109\" width=\"470\"  itemprop=\"thumbnailUrl\"  \/><\/div><\/div><\/div><br \/>\n<section class=\"av_textblock_section \"  itemscope=\"itemscope\" itemtype=\"https:\/\/schema.org\/CreativeWork\" ><div class='avia_textblock  '   itemprop=\"text\" ><p>La investigaci\u00f3n cl\u00ednica en pterigi\u00f3n\/Carnosidad de Visionary Eye Doctors, se estableci\u00f3 en el 2014 como el \u2018Eye White Institute\u2019. En Visionary Eye Doctors, vemos cientos de pacientes con pterigi\u00f3n\/Carnosidad al a\u00f1o y realizamos la mayor\u00eda de las cirug\u00edas en el este de los Estados Unidos. Estamos orgullosos de nuestra tasa de recurrencia del 0,06% desde el inicio de nuestro estudio en agosto de 2014. Nuestras cirug\u00edas de pterigi\u00f3n\/Carnosidad se llevan a cabo en nuestra suite quir\u00fargica de \u00faltima generaci\u00f3n ubicada en nuestra oficina de N. Bethesda\/Rockville, MD.<\/p>\n<\/div><\/section><\/p><\/div><div class='av-flex-placeholder'><\/div><div class=\"flex_column av_three_fifth  flex_column_table_cell av-equal-height-column av-align-top av-zero-column-padding   avia-builder-el-13  el_after_av_two_fifth  avia-builder-el-last  \" style='border-radius:0px; '><p><div style='height:20px' class='hr hr-invisible   avia-builder-el-14  el_before_av_textblock  avia-builder-el-first  '><span class='hr-inner ' ><span class='hr-inner-style'><\/span><\/span><\/div><br \/>\n<section class=\"av_textblock_section \"  itemscope=\"itemscope\" itemtype=\"https:\/\/schema.org\/CreativeWork\" ><div class='avia_textblock  '   itemprop=\"text\" ><h3>\u00bfPor qu\u00e9 estamos investigando pterigi\u00f3n\/Carnosidad?<\/h3>\n<p>Pterigi\u00f3n\/Carnosidad es uno de los temas menos estudiados en la investigaci\u00f3n oftalmol\u00f3gica. Visionary Eye Doctors ha iniciado recientemente un protocolo de investigaci\u00f3n de pterigi\u00f3n\/Carnosidad que complementa nuestra evaluaci\u00f3n cl\u00ednica existente y atenci\u00f3n postoperatoria. Con nuestra tecnolog\u00eda de vanguardia, nos esforzamos por producir investigaci\u00f3n que incorpore la tecnolog\u00eda y la experiencia de nuestros m\u00e9dicos, para contribuir al limitado conocimiento m\u00e9dico de esta enfermedad y, lo que es m\u00e1s importante, lograr los mejores resultados para nuestros pacientes.<\/p>\n<h3>Nuestro equipo de investigaci\u00f3n cl\u00ednica<\/h3>\n<p>El equipo de investigaci\u00f3n est\u00e1 dirigido por el doctor J. Alberto Martinez, fundador de Visionary Eye Doctors y oftalm\u00f3logo certificado por la Academia Americana de Oftalmolog\u00eda con subespecialidad en cirug\u00eda corneal, refractiva y l\u00e1ser.<\/p>\n<p>El doctor J. Alberto Martinez, (Cirujano de Pterigi\u00f3n\/Carnosidad) \u2013 se gradu\u00f3 como m\u00e9dico de la American university y de la Escuela de Medicina de la Universidad de Georgetown como especialista en c\u00f3rnea, el Dr. Martinez realiza cirug\u00eda de pterigi\u00f3n\/Carnosidad de forma regular. Esta investigaci\u00f3n fue iniciada por el Dr. Mart\u00ednez porque ten\u00eda muchas preguntas acerca de esta enfermedad. Pterigion\/Carnosidad no s\u00f3lo lo afecta a s\u00ed mismo, sino tambi\u00e9n a su familia, motivandolo a hacer esta investigaci\u00f3n por razones acad\u00e9micas y personales. Pacientes de todo el mundo buscan al doctor Martinez por la cirug\u00eda de pterigi\u00f3n\/Carnosidad.<\/p>\n<p>La doctora Sandra L. Cremers, F.A.C.S. (Cirug\u00eda de pterigi\u00f3n\/Carnosidad y especialista en ojos secos) \u2013 La Dra. Cremers se gradu\u00f3 de la Universidad de Columbia y complet\u00f3 el Programa Conjunto en Medicina de la Universidad Brown y la Universidad de Dartmouth. Tiene experiencia cl\u00ednica y de investigaci\u00f3n de la Universidad Johns Hopkins y la Universidad de Harvard. La Dra. Cremers tambi\u00e9n realiza cirug\u00eda de pterigi\u00f3n\/Carnosidad y es una especialista en ojos secos.<\/p>\n<\/div><\/section><\/p><\/div><\/div><!--close column table wrapper. Autoclose: 1 -->\n\n<\/div><\/div><\/div><!-- close content main div --><\/div><\/div><div id='av_section_3' class='avia-section main_color avia-section-large avia-no-border-styling avia-bg-style-scroll  avia-builder-el-16  el_after_av_section  el_before_av_section    container_wrap sidebar_right' style='background-color: #d2ebf1;  '  ><div class='container' ><div class='template-page content  av-content-small alpha units'><div class='post-entry post-entry-type-page post-entry-8161'><div class='entry-content-wrapper clearfix'>\n<div class=\"flex_column av_one_half  flex_column_div av-zero-column-padding first  avia-builder-el-17  el_before_av_one_half  avia-builder-el-first  \" style='border-radius:0px; '><section class=\"av_textblock_section \"  itemscope=\"itemscope\" itemtype=\"https:\/\/schema.org\/CreativeWork\" ><div class='avia_textblock  '   itemprop=\"text\" ><h3>Logros<\/h3>\n<p><strong>Nuestra investigaci\u00f3n sobre cataratas ha sido presentada en reuniones nacionales, internacionales e institucionales.<\/strong><\/p>\n<ul>\n<li>Cremers SL, Ha J, Mart\u00ednez JA. \u00abPhaco-Smash: 29% reducci\u00f3n disipada de la energ\u00eda acumulada de la cirujana experimentada en la cirug\u00eda de catarata asistida por l\u00e1ser de femtosegundo.\u00bb Se present\u00f3 en la Conferencia Anual de ASCRS (Sociedad Americana de cirujanos de Colon y recto), Los Angeles, CA, mayo de 2017.<\/li>\n<li>Ha J, Cremers SL. \u00abInforme no patrocinado por la industria de triamcinolona-moxifloxacina cirug\u00eda de cataratas sin gotas: observaciones iniciales.\u00bb Presentado en la Reuni\u00f3n Anual de la Academia Americana de Oftalmolog\u00eda (AAO), Chicago, IL, octubre de 2016.<\/li>\n<li>Koppinger J, Martinez JA, Ha J, Korchak M, Ullman MA, Hosseini Y, Cremers SL. \u00abLa comparaci\u00f3n m\u00e1s grande de los resultados intraoperatorios de un solo cirujano y un d\u00eda de postoperatorios entre las cirug\u00edas de cataratas asistidas por l\u00e1ser tradicional y de Femtosegundo con dos plataformas de diferentes l\u00e1ser.\u00bb Resumen del p\u00f3ster presentado a la Reuni\u00f3n Anual de ARVO, Seattle, WA, mayo de 2016.<\/li>\n<li>Mart\u00ednez JA, Ha J, Korchak M, Koppinger J, Cremers J, Cremers SL. \u00abPrimer informe comparando el uso intraoperatorio de la epinefrina y la energ\u00eda disipada acumulativa entre dos l\u00e1seres de femtosegundo durante la cirug\u00eda de cataratas.\u00bb Presentado en ASCRS Annual Conference, Nueva Orleans, LA, mayo de 2016.<\/li>\n<li>Ha J, Cremers SL, Korchak M, Koppinger J, Ullman MA, Martinez JA. \u00abComparaci\u00f3n de t\u00e9cnicas de facoemulsificaci\u00f3n entre cirug\u00eda tradicional y 2 sistemas de cirug\u00eda de catarata asistida por l\u00e1ser de femtosegundo.\u00bb Presentado en ASCRS Annual Conference, Nueva Orleans, LA, mayo de 2016.<\/li>\n<li>Cremers SL, Ha, J, Ullman MA, Korchak M, Koppinger J, Martinez JA. \u00abEnfoque Phaco-Smash para la Facoemulsificaci\u00f3n: Nueva T\u00e9cnica desarrollada inicialmente para ayudar a los residentes a disminuir la energ\u00eda intraocular total de Phaco.\u00bb Presentado en ASCRS Annual Conference, Nueva Orleans, LA, mayo de 2016.<\/li>\n<li>Korchak M, Cremers SL, Ha J, Koppinger J, Hosseini Y, Martinez JA. \u00ab1300 Cirug\u00edas de Catarata Asistida por L\u00e1ser de Femtosegundo: Lo que el CDE nos informa sobre diferentes plataformas\u00bb. Presentado en la conferencia anual ASCRS, Nueva Orleans, LA, mayo de 2016.<\/li>\n<\/ul>\n<\/div><\/section><\/div><div class=\"flex_column av_one_half  flex_column_div av-zero-column-padding   avia-builder-el-19  el_after_av_one_half  avia-builder-el-last  \" style='border-radius:0px; '><section class=\"av_textblock_section \"  itemscope=\"itemscope\" itemtype=\"https:\/\/schema.org\/CreativeWork\" ><div class='avia_textblock  '   itemprop=\"text\" ><h3>Publicaciones revisadas por compa\u00f1eros<\/h3>\n<ul>\n<li>Ha J, Cremers SL, Korchak M, Koppinger J, Martinez JA. Un m\u00e9todo novedoso y automatizado para calificar la gravedad del pterigi\u00f3n\/Carnosidad mediante im\u00e1genes de Scheimpflug. Oftalmolog\u00eda. 2016;123(11):2345-6. doi:10.1016\/j.ophtha.2016.06.024.<\/li>\n<li>Ha J, Martinez JA, Korchak M, Cremers SL. \u00abLa tinci\u00f3n con fluoresce\u00edna intraoperatoria de injertos crioconservados de membrana amni\u00f3tica para mejorar la visualizaci\u00f3n durante y despu\u00e9s de la cirug\u00eda de pterigi\u00f3n: Una t\u00e9cnica novedosa.\u00bb C\u00f3rnea. 2016;35(3):413-416. doi:10.1097\/ICO.0000000000000725.<\/li>\n<\/ul>\n<h3>Presentaciones<\/h3>\n<ul>\n<li>Ha J, Mekhail J, Cremers SL, Mart\u00ednez JA. \u00abReproducibilidad y fiabilidad de una nueva medici\u00f3n de la gravedad del pterigion\/Carnosidad por im\u00e1genes de scheimpflug.\u00bb Presentado en la Conferencia Anual de la Asociaci\u00f3n para la Investigaci\u00f3n y la Visi\u00f3n en Oftalmolog\u00eda (ARVO) 2017, Baltimore, MD.<\/li>\n<li>Martinez JA, Ha J, Cremers SL. \u00abResultados de pegamento de fibrina en dosis m\u00faltiples durante la pterigiectom\u00eda en la oficina.\u00bb Presentado en la Conferencia Anual ARVO 2017, Baltimore, MD.<\/li>\n<li>Mart\u00ednez JA, Ha J, Cremers SL. \u00abEl mayor informe de pterigiectom\u00eda simult\u00e1nea de doble cabeza: resultados de una nueva t\u00e9cnica libre de cauterizaci\u00f3n y sutura con Autoinjerto y membrana amni\u00f3tica.\u00bb Presentado en la Conferencia Anual 2017 de la Sociedad Americana de Cataratas y Cirug\u00eda Refractiva (ASCRS).<\/li>\n<li>Ha J, Martinez JA, Cremers SL. \u00abResultados de la pterigiectom\u00eda en la oficina: Cumplimiento postoperatorio de la cita del paciente, cumplimiento del tratamiento, complicaciones y costos.\u00bb Presentado en la Conferencia Anual de ASCRS, Los Angeles, CA, mayo de 2017.<\/li>\n<li>Mekhail J, Ha J, Korchak M, Cremers SL, Martinez JA. \u00abLa tomograf\u00eda de coherencia \u00f3ptica del segmento anterior, confirma la nueva medida automatizada de la gravedad del pterigi\u00f3n.\u00bb Presentado en la Conferencia Anual de ASCRS, Los Angeles, CA, mayo de 2017.<\/li>\n<li>Ha J, Martinez JA, Calaro K, Cremers SL. \u00abEl mayor informe de pterigiectom\u00eda simult\u00e1nea de doble cabeza: libre de cauterizaci\u00f3n y sutura con Autoinjerto y membrana amni\u00f3tica.\u00bb Presentado en la Reuni\u00f3n Anual de la Academia Americana de Oftalmolog\u00eda (AAO), Chicago, IL, octubre de 2016.<\/li>\n<li>Ha J, Martinez JA, Cremers SL. \u00abLa pterigiectom\u00eda en una suite de cirug\u00eda es segura con una baja tasa de complicaci\u00f3n y recurrencia.\u00bb Presentado en la Reuni\u00f3n Anual de la AAO, Chicago, IL, octubre de 2016.<\/li>\n<li>Ha J, Martinez JA, Hosseini Y, Korchak J, Koppinger J, Cremers SL. \u00abPrimer Informe de Pterigiectom\u00eda simult\u00e1nea de dos cabezas con Autoinjerto conjuntival, Membrana Amni\u00f3tica y Pegamento de Fibrin.\u00bb Presentado en la Reuni\u00f3n Anual de ARVO, Seattle, WA, mayo de 2016.<\/li>\n<li>Korchak M, Ha J, Koppinger J, Martinez JA, Cremers SL. \u00abSeguimiento de los cambios en la tomograf\u00eda corneal despu\u00e9s de la escisi\u00f3n de pterigi\u00f3n\/Carnosidad como ayuda a la planificaci\u00f3n de la futura cirug\u00eda refractiva.\u00bb Presentado en la Reuni\u00f3n Anual de ARVO, Seattle, WA, mayo de 2016 y en el Simposio de Investigaci\u00f3n de Salud Medstar, Columbia, MD, marzo de 2016.<\/li>\n<li>Midgley K, Ha J, Korchak M, Koppinger J, Cremers SL, Martinez JA. \u00abEl informe m\u00e1s grande del efecto de pterigi\u00f3n\/carnosidad primaria en la densidad de c\u00e9lulas endoteliales corneales.\u00bb Presentado en la Reuni\u00f3n Anual de ARVO, Seattle, WA, mayo de 2016 y ganador del top 3 de MedStar Washington, DC Hospital Center House Staff Research Day, Washington, DC, DC, junio de 2016.<\/li>\n<li>Ullman MA, Ha J, Cremers SL, Korchak M, Koppinger J, Martinez JA. \u201c Pterigion una Pesadilla VEGF (Factor de crecimiento Vascular Endotelial) : Informe de M\u00faltiples Recurrencias Tempranas en un Paciente con antecedentes de c\u00e1ncer y radiaci\u00f3n de haz externo)\u201d. Ganador del resumen de mayor puntuaci\u00f3n en el Simposio de Investigaci\u00f3n de Salud Medstar 2016, Columbia, MD, marzo de 2016. Presentado en ASCRS Annual Conference, New Orleans, LA, mayo de 2016.<\/li>\n<li>Korchak M, Ha J, Koppinger J, Cremers SL, Martinez JA. \u00abLa aberrometr\u00eda del frente de onda cambia despu\u00e9s de la escisi\u00f3n de Pterigion: Apoyo a la escisi\u00f3n temprana.\u00bb Presentado en ASCRS Annual Conference, New Orleans, LA, mayo de 2016.<\/li>\n<li>Koppinger J, Ha J, Korchak M, Martinez JA, Cremers SL. \u00abPrimer Informe de Cambios Posteriores de la C\u00f3rnea despu\u00e9s de la Escisi\u00f3n de Pterigion: Consideraciones para futuras cataratas refractarias y cirug\u00eda corneal.\u00bb Presentado en la Conferencia Anual de ASCRS, Nueva Orleans, LA, mayo de 2016 y en el Simposio de Investigaci\u00f3n de Salud Medstar, Columbia, MD, marzo de 2016.<\/li>\n<li>Koppinger J, Martinez JA, Ha J, Korchak M, Hosseini Y, Cremers SL. \u00abPrimer Informe de la Altura de la Fisura Palpebral y la Distancia Reflejo Marginal Despu\u00e9s de la Pterigiectom\u00eda con Autoinjerto, Membrana Amni\u00f3tica, y Pegamento de Fibrina.\u00bb Presentado en ASCRS Annual Conference, Nueva Orleans, LA, mayo de 2016.<\/li>\n<li>Ha J, Korchak M, Koppinger J, Hosseini Y, Martinez JA, Cremers SL. \u00abUna medici\u00f3n nueva y fiable, automatizada para cuantificar la participaci\u00f3n corneal de Pterigion.\u00bb Presentado en ASCRS Annual Conference, Nueva Orleans, LA, mayo de 2016.<\/li>\n<li>Ha J, Korchak M, Pereira A, Mart\u00ednez JA, Cremers SL. \u00abNueva medici\u00f3n para la pterigi\u00f3n: Una comparaci\u00f3n de dos m\u00e9todos para analizar la afectaci\u00f3n en la c\u00f3rnea.\u00bb Presentado en la Reuni\u00f3n Anual de LA ARVO, Denver, CO, mayo de 2015.<\/li>\n<li>Korchak M, Ha J, Pereira A, Martinez JA, Cremers SL. \u00abEvaluaci\u00f3n de la tomograf\u00eda corneal Pentacam y la osmolaridad de las l\u00e1grimas en Pterigi\u00f3n.\u00bb Presentado en la Reuni\u00f3n Anual de LA ARVO, Denver, CO, mayo de 2015.<\/li>\n<\/ul>\n<\/div><\/section><\/div>\n\n<\/div><\/div><\/div><!-- close content main div --><\/div><\/div><div id='av_section_4' class='avia-section main_color avia-section-large avia-no-border-styling avia-bg-style-scroll  avia-builder-el-21  el_after_av_section  el_before_av_section    container_wrap sidebar_right' style=' '  ><div class='container' ><div class='template-page content  av-content-small alpha units'><div class='post-entry post-entry-type-page post-entry-8161'><div class='entry-content-wrapper clearfix'>\n<div class='flex_column_table av-equal-height-column-flextable -flextable' ><div class=\"flex_column av_two_fifth  flex_column_table_cell av-equal-height-column av-align-top av-zero-column-padding first  avia-builder-el-22  el_before_av_three_fifth  avia-builder-el-first   \" style='border-radius:0px; '><div class='avia-image-container  av-styling-no-styling    avia-builder-el-23  avia-builder-el-no-sibling   avia-align- '  itemprop=\"ImageObject\" itemscope=\"itemscope\" itemtype=\"https:\/\/schema.org\/ImageObject\"  ><div class='avia-image-container-inner'><div class='avia-image-overlay-wrap'><img class='avia_image' src='https:\/\/www.voeyedr.com\/wp-content\/uploads\/2018\/02\/eye-dry-logo.png' alt='' title='EyeDry' height=\"109\" width=\"470\"  itemprop=\"thumbnailUrl\"  \/><\/div><\/div><\/div><\/div><div class='av-flex-placeholder'><\/div><div class=\"flex_column av_three_fifth  flex_column_table_cell av-equal-height-column av-align-top av-zero-column-padding   avia-builder-el-24  el_after_av_two_fifth  avia-builder-el-last  \" style='border-radius:0px; '><section class=\"av_textblock_section \"  itemscope=\"itemscope\" itemtype=\"https:\/\/schema.org\/CreativeWork\" ><div class='avia_textblock  '   itemprop=\"text\" ><h3>Centro de Excelencia para el Ojo Seco<\/h3>\n<p>En 2017, la Dra. Sandra Lora Cremers fund\u00f3 el Centro de Excelencia de ojo seco dedicado a proporcionar alivio para la enfermedad ocular seca leve, moderada y grave en nuestros pacientes.<\/p>\n<p><strong>Actualmente, la Dra. Cremers recibi\u00f3 recientemente la aprobaci\u00f3n para dos estudios de investigaci\u00f3n cl\u00ednica de ojo seco:<\/strong><\/p>\n<ul>\n<li>El impacto del tiempo de pantalla en los ni\u00f1os y la disfunci\u00f3n de la gl\u00e1ndula meibomian y la enfermedad del ojo seco<\/li>\n<li>C\u00e9lulas madre en el protocolo de la enfermedad del ojo seco<\/li>\n<\/ul>\n<\/div><\/section><\/div><\/div><!--close column table wrapper. Autoclose: 1 -->\n\n<\/div><\/div><\/div><!-- close content main div --><\/div><\/div><div id='adbox' class='avia-section main_color avia-section-no-padding avia-no-border-styling avia-bg-style-scroll  avia-builder-el-26  el_after_av_section  avia-builder-el-last    container_wrap sidebar_right' style=' '  ><div class='container' ><div class='template-page content  av-content-small alpha units'><div class='post-entry post-entry-type-page post-entry-8161'><div class='entry-content-wrapper clearfix'>\n<div class=\"flex_column av_one_full  avia-full-stretch flex_column_div first  avia-builder-el-27  avia-builder-el-no-sibling   \" style='background:url(https:\/\/www.voeyedr.com\/wp-content\/uploads\/2018\/03\/bg-patient-banner.png) center right no-repeat ; padding:30px 40px 30px 40px ; border-radius:0px; '><section class=\"av_textblock_section \"  itemscope=\"itemscope\" itemtype=\"https:\/\/schema.org\/CreativeWork\" ><div class='avia_textblock  '  style='font-size:40px; '  itemprop=\"text\" ><h3>\u00a1Escuchen lo que nuestros pacientes tienen que decir!<\/h3>\n<\/div><\/section><br \/>\n<div class='avia-button-wrap avia-button-left  avia-builder-el-29  el_after_av_textblock  avia-builder-el-last  '><a href='https:\/\/www.voeyedr.com\/es\/historias-de-pacientes\/'  class='avia-button   avia-icon_select-no avia-color-custom avia-size-large avia-position-left '  style='background-color:#061f5c; border-color:#061f5c; color:#ffffff; ' ><span class='avia_iconbox_title' >Haga clic aqu\u00ed para obtener m\u00e1s informaci\u00f3n<\/span><\/a><\/div><\/p><\/div><\/div><\/div><\/div><!-- close content main div --><\/div><\/div><div id='after_section_5' class='main_color av_default_container_wrap container_wrap sidebar_right' style=' '  ><div class='container' ><div class='template-page content  av-content-small alpha units'><div class='post-entry post-entry-type-page post-entry-8161'><div class='entry-content-wrapper clearfix'>\n","protected":false},"excerpt":{"rendered":"","protected":false},"author":17,"featured_media":0,"parent":8061,"menu_order":5,"comment_status":"closed","ping_status":"closed","template":"","meta":{"_kad_blocks_custom_css":"","_kad_blocks_head_custom_js":"","_kad_blocks_body_custom_js":"","_kad_blocks_footer_custom_js":"","footnotes":""},"class_list":["post-8161","page","type-page","status-publish","hentry"],"featured_image_src_large":false,"author_info":{"display_name":"Blue Corona","author_link":"https:\/\/www.voeyedr.com\/es\/author\/webmastersbluecorona-com\/"},"comment_info":0,"taxonomy_info":[],"_links":{"self":[{"href":"https:\/\/www.voeyedr.com\/es\/wp-json\/wp\/v2\/pages\/8161","targetHints":{"allow":["GET"]}}],"collection":[{"href":"https:\/\/www.voeyedr.com\/es\/wp-json\/wp\/v2\/pages"}],"about":[{"href":"https:\/\/www.voeyedr.com\/es\/wp-json\/wp\/v2\/types\/page"}],"author":[{"embeddable":true,"href":"https:\/\/www.voeyedr.com\/es\/wp-json\/wp\/v2\/users\/17"}],"replies":[{"embeddable":true,"href":"https:\/\/www.voeyedr.com\/es\/wp-json\/wp\/v2\/comments?post=8161"}],"version-history":[{"count":0,"href":"https:\/\/www.voeyedr.com\/es\/wp-json\/wp\/v2\/pages\/8161\/revisions"}],"up":[{"embeddable":true,"href":"https:\/\/www.voeyedr.com\/es\/wp-json\/wp\/v2\/pages\/8061"}],"wp:attachment":[{"href":"https:\/\/www.voeyedr.com\/es\/wp-json\/wp\/v2\/media?parent=8161"}],"curies":[{"name":"wp","href":"https:\/\/api.w.org\/{rel}","templated":true}]}}